{"id":522,"date":"2024-11-30T09:30:37","date_gmt":"2024-11-30T09:30:37","guid":{"rendered":"https:\/\/www.karsiyakabeyazesyaservisi.com\/?page_id=522"},"modified":"2024-11-30T09:34:17","modified_gmt":"2024-11-30T09:34:17","slug":"hizmetlerimiz","status":"publish","type":"page","link":"https:\/\/www.karsiyakabeyazesyaservisi.com\/?page_id=522","title":{"rendered":"Hizmetlerimiz"},"content":{"rendered":"\t\t<div data-elementor-type=\"wp-page\" data-elementor-id=\"522\" class=\"elementor elementor-522\" data-elementor-post-type=\"page\">\n\t\t\t\t<div class=\"elementor-element elementor-element-84e6c2d e-flex e-con-boxed e-con e-parent\" data-id=\"84e6c2d\" data-element_type=\"container\">\n\t\t\t\t\t<div class=\"e-con-inner\">\n\t\t\t\t<div class=\"elementor-element elementor-element-60a2ee7 elementor-widget elementor-widget-image-gallery\" data-id=\"60a2ee7\" data-element_type=\"widget\" data-widget_type=\"image-gallery.default\">\n\t\t\t\t<div class=\"elementor-widget-container\">\n\t\t\t<style>\/*! elementor - v3.23.0 - 15-07-2024 *\/\n.elementor-image-gallery .gallery-item{display:inline-block;text-align:center;vertical-align:top;width:100%;max-width:100%;margin:0 auto}.elementor-image-gallery .gallery-item img{margin:0 auto}.elementor-image-gallery .gallery-item .gallery-caption{margin:0}.elementor-image-gallery figure img{display:block}.elementor-image-gallery figure figcaption{width:100%}.gallery-spacing-custom .elementor-image-gallery .gallery-icon{padding:0}@media (min-width:768px){.elementor-image-gallery .gallery-columns-2 .gallery-item{max-width:50%}.elementor-image-gallery .gallery-columns-3 .gallery-item{max-width:33.33%}.elementor-image-gallery .gallery-columns-4 .gallery-item{max-width:25%}.elementor-image-gallery .gallery-columns-5 .gallery-item{max-width:20%}.elementor-image-gallery .gallery-columns-6 .gallery-item{max-width:16.666%}.elementor-image-gallery .gallery-columns-7 .gallery-item{max-width:14.28%}.elementor-image-gallery .gallery-columns-8 .gallery-item{max-width:12.5%}.elementor-image-gallery .gallery-columns-9 .gallery-item{max-width:11.11%}.elementor-image-gallery .gallery-columns-10 .gallery-item{max-width:10%}}@media (min-width:480px) and (max-width:767px){.elementor-image-gallery .gallery.gallery-columns-2 .gallery-item,.elementor-image-gallery .gallery.gallery-columns-3 .gallery-item,.elementor-image-gallery .gallery.gallery-columns-4 .gallery-item,.elementor-image-gallery .gallery.gallery-columns-5 .gallery-item,.elementor-image-gallery .gallery.gallery-columns-6 .gallery-item,.elementor-image-gallery .gallery.gallery-columns-7 .gallery-item,.elementor-image-gallery .gallery.gallery-columns-8 .gallery-item,.elementor-image-gallery .gallery.gallery-columns-9 .gallery-item,.elementor-image-gallery .gallery.gallery-columns-10 .gallery-item{max-width:50%}}@media (max-width:479px){.elementor-image-gallery .gallery.gallery-columns-2 .gallery-item,.elementor-image-gallery .gallery.gallery-columns-3 .gallery-item,.elementor-image-gallery .gallery.gallery-columns-4 .gallery-item,.elementor-image-gallery .gallery.gallery-columns-5 .gallery-item,.elementor-image-gallery .gallery.gallery-columns-6 .gallery-item,.elementor-image-gallery .gallery.gallery-columns-7 .gallery-item,.elementor-image-gallery .gallery.gallery-columns-8 .gallery-item,.elementor-image-gallery .gallery.gallery-columns-9 .gallery-item,.elementor-image-gallery .gallery.gallery-columns-10 .gallery-item{max-width:100%}}<\/style>\t\t<div class=\"elementor-image-gallery\">\n\t\t\t<div id='gallery-1' class='gallery galleryid-522 gallery-columns-3 gallery-size-medium_large'><figure class='gallery-item'>\n\t\t\t<div class='gallery-icon landscape'>\n\t\t\t\t<a data-elementor-open-lightbox=\"yes\" data-elementor-lightbox-slideshow=\"60a2ee7\" data-elementor-lightbox-title=\"samsung-dw60m6072fs-tr-f-sinifi-7-programli-bulasik-makinesi-1_na17hs_1920\" data-e-action-hash=\"#elementor-action%3Aaction%3Dlightbox%26settings%3DeyJpZCI6NTI0LCJ1cmwiOiJodHRwczpcL1wvd3d3LmthcnNpeWFrYWJleWF6ZXN5YXNlcnZpc2kuY29tXC93cC1jb250ZW50XC91cGxvYWRzXC8yMDI0XC8xMVwvc2Ftc3VuZy1kdzYwbTYwNzJmcy10ci1mLXNpbmlmaS03LXByb2dyYW1saS1idWxhc2lrLW1ha2luZXNpLTFfbmExN2hzXzE5MjAud2VicCIsInNsaWRlc2hvdyI6IjYwYTJlZTcifQ%3D%3D\" href='https:\/\/www.karsiyakabeyazesyaservisi.com\/wp-content\/uploads\/2024\/11\/samsung-dw60m6072fs-tr-f-sinifi-7-programli-bulasik-makinesi-1_na17hs_1920.webp'><img fetchpriority=\"high\" decoding=\"async\" width=\"768\" height=\"768\" src=\"https:\/\/www.karsiyakabeyazesyaservisi.com\/wp-content\/uploads\/2024\/11\/samsung-dw60m6072fs-tr-f-sinifi-7-programli-bulasik-makinesi-1_na17hs_1920-768x768.webp\" class=\"attachment-medium_large size-medium_large\" alt=\"\" aria-describedby=\"gallery-1-524\" srcset=\"https:\/\/www.karsiyakabeyazesyaservisi.com\/wp-content\/uploads\/2024\/11\/samsung-dw60m6072fs-tr-f-sinifi-7-programli-bulasik-makinesi-1_na17hs_1920-768x768.webp 768w, https:\/\/www.karsiyakabeyazesyaservisi.com\/wp-content\/uploads\/2024\/11\/samsung-dw60m6072fs-tr-f-sinifi-7-programli-bulasik-makinesi-1_na17hs_1920-300x300.webp 300w, https:\/\/www.karsiyakabeyazesyaservisi.com\/wp-content\/uploads\/2024\/11\/samsung-dw60m6072fs-tr-f-sinifi-7-programli-bulasik-makinesi-1_na17hs_1920-1024x1024.webp 1024w, https:\/\/www.karsiyakabeyazesyaservisi.com\/wp-content\/uploads\/2024\/11\/samsung-dw60m6072fs-tr-f-sinifi-7-programli-bulasik-makinesi-1_na17hs_1920-150x150.webp 150w, https:\/\/www.karsiyakabeyazesyaservisi.com\/wp-content\/uploads\/2024\/11\/samsung-dw60m6072fs-tr-f-sinifi-7-programli-bulasik-makinesi-1_na17hs_1920-1536x1536.webp 1536w, https:\/\/www.karsiyakabeyazesyaservisi.com\/wp-content\/uploads\/2024\/11\/samsung-dw60m6072fs-tr-f-sinifi-7-programli-bulasik-makinesi-1_na17hs_1920.webp 1920w\" sizes=\"(max-width: 768px) 100vw, 768px\" \/><\/a>\n\t\t\t<\/div>\n\t\t\t\t<figcaption class='wp-caption-text gallery-caption' id='gallery-1-524'>\n\t\t\t\tBula\u015f\u0131k Makinesi Tamiri\n\t\t\t\t<\/figcaption><\/figure><figure class='gallery-item'>\n\t\t\t<div class='gallery-icon landscape'>\n\t\t\t\t<a data-elementor-open-lightbox=\"yes\" data-elementor-lightbox-slideshow=\"60a2ee7\" data-elementor-lightbox-title=\"regal-10-kg-1200-devir-beyaz-camasir-m-eea4bc.\" data-e-action-hash=\"#elementor-action%3Aaction%3Dlightbox%26settings%3DeyJpZCI6NTI1LCJ1cmwiOiJodHRwczpcL1wvd3d3LmthcnNpeWFrYWJleWF6ZXN5YXNlcnZpc2kuY29tXC93cC1jb250ZW50XC91cGxvYWRzXC8yMDI0XC8xMVwvcmVnYWwtMTAta2ctMTIwMC1kZXZpci1iZXlhei1jYW1hc2lyLW0tZWVhNGJjLmpwZyIsInNsaWRlc2hvdyI6IjYwYTJlZTcifQ%3D%3D\" href='https:\/\/www.karsiyakabeyazesyaservisi.com\/wp-content\/uploads\/2024\/11\/regal-10-kg-1200-devir-beyaz-camasir-m-eea4bc.jpg'><img decoding=\"async\" width=\"480\" height=\"480\" src=\"https:\/\/www.karsiyakabeyazesyaservisi.com\/wp-content\/uploads\/2024\/11\/regal-10-kg-1200-devir-beyaz-camasir-m-eea4bc.jpg\" class=\"attachment-medium_large size-medium_large\" alt=\"\" aria-describedby=\"gallery-1-525\" srcset=\"https:\/\/www.karsiyakabeyazesyaservisi.com\/wp-content\/uploads\/2024\/11\/regal-10-kg-1200-devir-beyaz-camasir-m-eea4bc.jpg 480w, https:\/\/www.karsiyakabeyazesyaservisi.com\/wp-content\/uploads\/2024\/11\/regal-10-kg-1200-devir-beyaz-camasir-m-eea4bc-300x300.jpg 300w, https:\/\/www.karsiyakabeyazesyaservisi.com\/wp-content\/uploads\/2024\/11\/regal-10-kg-1200-devir-beyaz-camasir-m-eea4bc-150x150.jpg 150w\" sizes=\"(max-width: 480px) 100vw, 480px\" \/><\/a>\n\t\t\t<\/div>\n\t\t\t\t<figcaption class='wp-caption-text gallery-caption' id='gallery-1-525'>\n\t\t\t\t\u00c7ama\u015f\u0131r Makinesi Tamiri\n\t\t\t\t<\/figcaption><\/figure><figure class='gallery-item'>\n\t\t\t<div class='gallery-icon landscape'>\n\t\t\t\t<a data-elementor-open-lightbox=\"yes\" data-elementor-lightbox-slideshow=\"60a2ee7\" data-elementor-lightbox-title=\"arcelik-583628-ei-630-lt-e-enerji-cift-kapili-no-frost-inox-buzdolabi_87583\" data-e-action-hash=\"#elementor-action%3Aaction%3Dlightbox%26settings%3DeyJpZCI6NTI2LCJ1cmwiOiJodHRwczpcL1wvd3d3LmthcnNpeWFrYWJleWF6ZXN5YXNlcnZpc2kuY29tXC93cC1jb250ZW50XC91cGxvYWRzXC8yMDI0XC8xMVwvYXJjZWxpay01ODM2MjgtZWktNjMwLWx0LWUtZW5lcmppLWNpZnQta2FwaWxpLW5vLWZyb3N0LWlub3gtYnV6ZG9sYWJpXzg3NTgzLmpwZyIsInNsaWRlc2hvdyI6IjYwYTJlZTcifQ%3D%3D\" href='https:\/\/www.karsiyakabeyazesyaservisi.com\/wp-content\/uploads\/2024\/11\/arcelik-583628-ei-630-lt-e-enerji-cift-kapili-no-frost-inox-buzdolabi_87583.jpg'><img decoding=\"async\" width=\"768\" height=\"768\" src=\"https:\/\/www.karsiyakabeyazesyaservisi.com\/wp-content\/uploads\/2024\/11\/arcelik-583628-ei-630-lt-e-enerji-cift-kapili-no-frost-inox-buzdolabi_87583-768x768.jpg\" class=\"attachment-medium_large size-medium_large\" alt=\"\" aria-describedby=\"gallery-1-526\" srcset=\"https:\/\/www.karsiyakabeyazesyaservisi.com\/wp-content\/uploads\/2024\/11\/arcelik-583628-ei-630-lt-e-enerji-cift-kapili-no-frost-inox-buzdolabi_87583-768x768.jpg 768w, https:\/\/www.karsiyakabeyazesyaservisi.com\/wp-content\/uploads\/2024\/11\/arcelik-583628-ei-630-lt-e-enerji-cift-kapili-no-frost-inox-buzdolabi_87583-300x300.jpg 300w, https:\/\/www.karsiyakabeyazesyaservisi.com\/wp-content\/uploads\/2024\/11\/arcelik-583628-ei-630-lt-e-enerji-cift-kapili-no-frost-inox-buzdolabi_87583-150x150.jpg 150w, https:\/\/www.karsiyakabeyazesyaservisi.com\/wp-content\/uploads\/2024\/11\/arcelik-583628-ei-630-lt-e-enerji-cift-kapili-no-frost-inox-buzdolabi_87583.jpg 800w\" sizes=\"(max-width: 768px) 100vw, 768px\" \/><\/a>\n\t\t\t<\/div>\n\t\t\t\t<figcaption class='wp-caption-text gallery-caption' id='gallery-1-526'>\n\t\t\t\tBuzdolab\u0131 Tamiri\n\t\t\t\t<\/figcaption><\/figure>\n\t\t<\/div>\n\t\t<\/div>\n\t\t\t\t<\/div>\n\t\t\t\t<\/div>\n\t\t\t\t\t<\/div>\n\t\t\t\t<\/div>\n\t\t\t\t<\/div>\n\t\t","protected":false},"excerpt":{"rendered":"<p>Bula\u015f\u0131k Makinesi Tamiri \u00c7ama\u015f\u0131r Makinesi Tamiri Buzdolab\u0131 Tamiri<\/p>\n","protected":false},"author":1,"featured_media":0,"parent":0,"menu_order":0,"comment_status":"closed","ping_status":"closed","template":"elementor_theme","meta":{"footnotes":""},"class_list":["post-522","page","type-page","status-publish","hentry"],"_links":{"self":[{"href":"https:\/\/www.karsiyakabeyazesyaservisi.com\/index.php?rest_route=\/wp\/v2\/pages\/522","targetHints":{"allow":["GET"]}}],"collection":[{"href":"https:\/\/www.karsiyakabeyazesyaservisi.com\/index.php?rest_route=\/wp\/v2\/pages"}],"about":[{"href":"https:\/\/www.karsiyakabeyazesyaservisi.com\/index.php?rest_route=\/wp\/v2\/types\/page"}],"author":[{"embeddable":true,"href":"https:\/\/www.karsiyakabeyazesyaservisi.com\/index.php?rest_route=\/wp\/v2\/users\/1"}],"replies":[{"embeddable":true,"href":"https:\/\/www.karsiyakabeyazesyaservisi.com\/index.php?rest_route=%2Fwp%2Fv2%2Fcomments&post=522"}],"version-history":[{"count":4,"href":"https:\/\/www.karsiyakabeyazesyaservisi.com\/index.php?rest_route=\/wp\/v2\/pages\/522\/revisions"}],"predecessor-version":[{"id":529,"href":"https:\/\/www.karsiyakabeyazesyaservisi.com\/index.php?rest_route=\/wp\/v2\/pages\/522\/revisions\/529"}],"wp:attachment":[{"href":"https:\/\/www.karsiyakabeyazesyaservisi.com\/index.php?rest_route=%2Fwp%2Fv2%2Fmedia&parent=522"}],"curies":[{"name":"wp","href":"https:\/\/api.w.org\/{rel}","templated":true}]}}