{"id":513,"date":"2024-11-30T09:25:47","date_gmt":"2024-11-30T09:25:47","guid":{"rendered":"https:\/\/www.karsiyakabeyazesyaservisi.com\/?page_id=513"},"modified":"2024-11-30T09:27:04","modified_gmt":"2024-11-30T09:27:04","slug":"elementor-513","status":"publish","type":"page","link":"https:\/\/www.karsiyakabeyazesyaservisi.com\/?page_id=513","title":{"rendered":"Hakk\u0131m\u0131zda"},"content":{"rendered":"\t\t<div data-elementor-type=\"wp-page\" data-elementor-id=\"513\" class=\"elementor elementor-513\" data-elementor-post-type=\"page\">\n\t\t\t\t<div class=\"elementor-element elementor-element-5ab13a2 e-flex e-con-boxed e-con e-parent\" data-id=\"5ab13a2\" data-element_type=\"container\">\n\t\t\t\t\t<div class=\"e-con-inner\">\n\t\t\t\t<div class=\"elementor-element elementor-element-7fdc828 elementor-widget elementor-widget-text-editor\" data-id=\"7fdc828\" data-element_type=\"widget\" data-widget_type=\"text-editor.default\">\n\t\t\t\t<div class=\"elementor-widget-container\">\n\t\t\t<style>\/*! elementor - v3.23.0 - 15-07-2024 *\/\n.elementor-widget-text-editor.elementor-drop-cap-view-stacked .elementor-drop-cap{background-color:#69727d;color:#fff}.elementor-widget-text-editor.elementor-drop-cap-view-framed .elementor-drop-cap{color:#69727d;border:3px solid;background-color:transparent}.elementor-widget-text-editor:not(.elementor-drop-cap-view-default) .elementor-drop-cap{margin-top:8px}.elementor-widget-text-editor:not(.elementor-drop-cap-view-default) .elementor-drop-cap-letter{width:1em;height:1em}.elementor-widget-text-editor .elementor-drop-cap{float:left;text-align:center;line-height:1;font-size:50px}.elementor-widget-text-editor .elementor-drop-cap-letter{display:inline-block}<\/style>\t\t\t\t<h1>\u0130zmir Beyaz E\u015fya Servisi<\/h1><p><strong>Beyaz e\u015fya<\/strong>\u00a0t\u00fcrleri ile hayat\u0131m\u0131z\u0131n daha d\u00fczenli ve konforlu hale geldi\u011fi bir ger\u00e7ektir. Sahibi oldu\u011fumuz bu \u00fcr\u00fcnlerle hayat\u0131m\u0131z daha kolay hale geliyor. Bir buzdolab\u0131 sayesinde yiyecekler daha uzun s\u00fcre taze kalabiliyor. \u00c7ama\u015f\u0131r makinesi veya bula\u015f\u0131k makinesi ile giyecekler ve bula\u015f\u0131klar daha k\u0131sa s\u00fcrede, daha temiz hale gelebiliyor. Ankastre f\u0131r\u0131n sayesinde hem daha temiz hem de daha geni\u015f bir mutfa\u011fa sahip olabiliyoruz. Klima ise ya\u015fad\u0131\u011f\u0131m\u0131z mekan\u0131n so\u011futma ve \u0131s\u0131tmas\u0131nda \u00f6nemli g\u00f6revler \u00fcstleniyor. Ya\u015fam konforumuzu art\u0131rmakta olan bu \u00fcr\u00fcnlerde ya\u015fanabilecek sorunlar ise ya\u015fam kalitemizin d\u00fc\u015fmesine neden oluyor. \u0130zmir b\u00f6lgesinde bu konfordan m\u00fcmk\u00fcn oldu\u011funca az \u00f6d\u00fcn vermek isteyenler ise t\u00fcm markalara hizmet vermekte olan\u00a0<strong>\u00f6zel servis<\/strong>\u00a0<strong>B\u00f6lge Merkez Servisi<\/strong>\u00a0ile \u00e7al\u0131\u015f\u0131yor.<\/p><p>Kombiden klimaya, \u00e7ama\u015f\u0131r makinesinden ankastre f\u0131r\u0131na kadar bir\u00e7ok \u00fcr\u00fcn i\u00e7in ba\u015far\u0131l\u0131\u00a0<strong>teknik servis<\/strong>\u00a0hizmetleri vermekte olan B\u00f6lge Merkez Servisi ile ya\u015fam konforunuzdan kesintiye u\u011framadan beyaz e\u015fyalar\u0131n\u0131z\u0131n\u00a0<strong>tamiri, bak\u0131m onar\u0131m\u0131<\/strong>\u00a0h\u0131zl\u0131 bi\u00e7imde yap\u0131l\u0131r. Y\u0131llar\u0131n deneyimli usta elemanlarla \u00e7al\u0131\u015fmalar\u0131n\u0131 y\u00fcr\u00fcten B\u00f6lge Merkez Servisi, h\u0131zl\u0131 ve do\u011fru \u00e7\u00f6z\u00fcmlerle beyaz e\u015fyalar\u0131n\u0131zda ya\u015fanan ar\u0131zalar\u0131n\u0131z\u0131 giderir. Ya\u015fad\u0131\u011f\u0131n\u0131z sorun i\u00e7in haber vermenizle yola \u00e7\u0131kan profesyonel ekip elamanlar\u0131, yerinde\u00a0<strong>tamir, bak\u0131m onar\u0131m\u0131<\/strong>\u00a0ger\u00e7ekle\u015ftirmek i\u00e7in g\u00fcler y\u00fczl\u00fc bi\u00e7imde ve bilgilendirme yaparak \u00e7al\u0131\u015f\u0131r. Uzman teknik servis ekiplerimiz 7\/24 m\u00fc\u015fterilerimize hizmet vererek ya\u015fanabilecek olumsuzluklar\u0131 ortadan kald\u0131rmaktad\u0131r. \u00dcstelik yap\u0131lacak olan \u00e7al\u0131\u015fmalarda servis hizmeti ve par\u00e7a de\u011fi\u015fimlerinde par\u00e7a tedari\u011fi yap\u0131l\u0131r.<\/p><p><strong>B\u00f6lge Merkez Servisi<\/strong>, \u0130zmir ve b\u00f6lgesinde\u00a0<strong>teknik servis<\/strong>\u00a0hizmeti vermektedir. Kuruldu\u011fu g\u00fcnden itibaren profesyonel kadrosu ile 7\/24 hizmet vermektedir. Yetkili personel size g\u00fcler y\u00fczl\u00fc hizmet sunar.<\/p><p>S\u00fcre\u00e7, s\u0131n\u0131rs\u0131z yedek par\u00e7a temin etmeyi ve elektronik cihazlar\u0131n\u0131zdaki ar\u0131zalar\u0131 en k\u0131sa i\u015f g\u00fcn\u00fc i\u00e7erisinde size teslim eder. Teknik servisimizde t\u00fcm markalara \u00f6zel servis olarak hizmeti verilmektedir.<\/p><p>Profesyonel bir kadroya sahip olup, yerinde montaj, yerinde ar\u0131za tespiti ve \u00e7\u00f6z\u00fcm\u00fc, ev ortam\u0131nda bak\u0131m i\u00e7in pratik \u00e7\u00f6z\u00fcmler sunmaktad\u0131r. Bizimle ileti\u015fime ge\u00e7mek art\u0131k \u00e7ok kolay. Web sayfam\u0131z, ileti\u015fim numaram\u0131z ve aram\u0131zdaki whatsapp ileti\u015fim hatt\u0131m\u0131z arac\u0131l\u0131\u011f\u0131yla \u00e7e\u015fitli teknik hizmetleri k\u0131sa s\u00fcrede tamaml\u0131yoruz. \u0130zmir ili ve \u00e7evresinde\u00a0<strong>teknik destek<\/strong>, kurulum ve montaj, ar\u0131za tespiti ve h\u00fccresel temizlik hizmetleri vermekteyiz.<\/p>\t\t\t\t\t\t<\/div>\n\t\t\t\t<\/div>\n\t\t\t\t\t<\/div>\n\t\t\t\t<\/div>\n\t\t\t\t<\/div>\n\t\t","protected":false},"excerpt":{"rendered":"<p>\u0130zmir Beyaz E\u015fya Servisi Beyaz e\u015fya\u00a0t\u00fcrleri ile hayat\u0131m\u0131z\u0131n daha d\u00fczenli ve konforlu hale geldi\u011fi bir ger\u00e7ektir. Sahibi oldu\u011fumuz bu \u00fcr\u00fcnlerle hayat\u0131m\u0131z daha kolay hale geliyor. Bir buzdolab\u0131 sayesinde yiyecekler daha uzun s\u00fcre taze kalabiliyor. \u00c7ama\u015f\u0131r makinesi veya bula\u015f\u0131k makinesi ile giyecekler ve bula\u015f\u0131klar daha k\u0131sa s\u00fcrede, daha temiz hale gelebiliyor. Ankastre f\u0131r\u0131n sayesinde hem daha [&hellip;]<\/p>\n","protected":false},"author":1,"featured_media":0,"parent":0,"menu_order":0,"comment_status":"closed","ping_status":"closed","template":"elementor_theme","meta":{"footnotes":""},"class_list":["post-513","page","type-page","status-publish","hentry"],"_links":{"self":[{"href":"https:\/\/www.karsiyakabeyazesyaservisi.com\/index.php?rest_route=\/wp\/v2\/pages\/513","targetHints":{"allow":["GET"]}}],"collection":[{"href":"https:\/\/www.karsiyakabeyazesyaservisi.com\/index.php?rest_route=\/wp\/v2\/pages"}],"about":[{"href":"https:\/\/www.karsiyakabeyazesyaservisi.com\/index.php?rest_route=\/wp\/v2\/types\/page"}],"author":[{"embeddable":true,"href":"https:\/\/www.karsiyakabeyazesyaservisi.com\/index.php?rest_route=\/wp\/v2\/users\/1"}],"replies":[{"embeddable":true,"href":"https:\/\/www.karsiyakabeyazesyaservisi.com\/index.php?rest_route=%2Fwp%2Fv2%2Fcomments&post=513"}],"version-history":[{"count":7,"href":"https:\/\/www.karsiyakabeyazesyaservisi.com\/index.php?rest_route=\/wp\/v2\/pages\/513\/revisions"}],"predecessor-version":[{"id":520,"href":"https:\/\/www.karsiyakabeyazesyaservisi.com\/index.php?rest_route=\/wp\/v2\/pages\/513\/revisions\/520"}],"wp:attachment":[{"href":"https:\/\/www.karsiyakabeyazesyaservisi.com\/index.php?rest_route=%2Fwp%2Fv2%2Fmedia&parent=513"}],"curies":[{"name":"wp","href":"https:\/\/api.w.org\/{rel}","templated":true}]}}